{"id":354,"date":"2022-05-26T01:41:39","date_gmt":"2022-05-26T01:41:39","guid":{"rendered":"https:\/\/www.hya-corp.net\/desarrollo\/?post_type=product&#038;p=354"},"modified":"2022-05-28T04:21:55","modified_gmt":"2022-05-28T04:21:55","slug":"hyacorp-mlf-2","status":"publish","type":"product","link":"https:\/\/www.hya-corp.net\/desarrollo\/producto\/hyacorp-mlf-2\/","title":{"rendered":"HYAcorp MLF 2"},"content":{"rendered":"<h3>Indicaciones:<\/h3>\n<ul>\n<li>Gluteos<\/li>\n<\/ul>\n<h3>Beneficios:<\/h3>\n<ul>\n<li>Remodelaci\u00f3n y restauraci\u00f3n del volumen y el contorno perdido.<\/li>\n<\/ul>\n<h3>Contenido:<\/h3>\n<ul>\n<li>Concentrac\u00edon por ML AH no reticulado : 2 MG<br \/>\nAH reticulado : 20MG<br \/>\nTama\u00f1o de la jeringa\u00a0 10.0ML<br \/>\nAlconsejada cnaula 18G<\/li>\n<\/ul>\n<p>\u2022 Duracion:\u00a0 Hasta 180 meses<\/p>\n<p>\u2022 Estabilizaci\u00f3n: Si<\/p>\n<p>\u2022 Profundidad de la inyecci\u00f3n Hipodermis<\/p>\n<h3>Informaci\u00f3n Adicional:<\/h3>\n<p>*Solo valores experimentales. La duraci\u00f3n depende de varios factores (lugar de la inyecci\u00f3n, profundidad de la inyecci\u00f3n, equipo enzim\u00e1tico del paciente) y por lo tanto es individual.<br \/>\n**Estabilizaci\u00f3n por entrecruzamiento con el BDDE. En HYAcorp la especificaci\u00f3n de BDDE es de &lt;0,001 mg\/ml.<\/p>\n","protected":false},"excerpt":{"rendered":"<p>HYAcorp MLF2\u00a0 es un implante de piel reabsorbible con alto nivel de puereza. Proporciona resultadosde voluminizaci\u00f3n m\u00e1ximos en el contorno del cuerpo.<\/p>\n","protected":false},"featured_media":191,"template":"","meta":[],"product_cat":[20],"product_tag":[19],"_links":{"self":[{"href":"https:\/\/www.hya-corp.net\/desarrollo\/wp-json\/wp\/v2\/product\/354"}],"collection":[{"href":"https:\/\/www.hya-corp.net\/desarrollo\/wp-json\/wp\/v2\/product"}],"about":[{"href":"https:\/\/www.hya-corp.net\/desarrollo\/wp-json\/wp\/v2\/types\/product"}],"wp:featuredmedia":[{"embeddable":true,"href":"https:\/\/www.hya-corp.net\/desarrollo\/wp-json\/wp\/v2\/media\/191"}],"wp:attachment":[{"href":"https:\/\/www.hya-corp.net\/desarrollo\/wp-json\/wp\/v2\/media?parent=354"}],"wp:term":[{"taxonomy":"product_cat","embeddable":true,"href":"https:\/\/www.hya-corp.net\/desarrollo\/wp-json\/wp\/v2\/product_cat?post=354"},{"taxonomy":"product_tag","embeddable":true,"href":"https:\/\/www.hya-corp.net\/desarrollo\/wp-json\/wp\/v2\/product_tag?post=354"}],"curies":[{"name":"wp","href":"https:\/\/api.w.org\/{rel}","templated":true}]}}