{"id":313,"date":"2022-05-25T02:54:37","date_gmt":"2022-05-25T02:54:37","guid":{"rendered":"https:\/\/www.hya-corp.net\/desarrollo\/?post_type=product&#038;p=313"},"modified":"2022-05-28T04:48:45","modified_gmt":"2022-05-28T04:48:45","slug":"hyacorp-feel","status":"publish","type":"product","link":"https:\/\/www.hya-corp.net\/desarrollo\/en\/product\/hyacorp-feel\/","title":{"rendered":"HYAcorp FEEL"},"content":{"rendered":"<h3>Indicaciones:<\/h3>\n<p>Arrugas superficiales y medias, zona perioral y periorbital.<\/p>\n<h3>Beneficios:<\/h3>\n<p>Tratar los primerossignos del envejecimiento.<\/p>\n<h3>Contenido:<\/h3>\n<ul>\n<li>\u00a0concentracion por ml ah no reticulado: 2mg<br \/>\nah reticulado: 18mg<br \/>\nTama\u00f1o de la jeringa 2 x 2.0 ml<\/li>\n<li>Recomendada aguja 30g<\/li>\n<li>Duraci\u00f3n:\u00a0 hasta 12 meses<br \/>\nEstabilizaci\u00f3n: Si<br \/>\nProfundidad de la inyeccion dermis media<\/li>\n<\/ul>\n<h3>Informaci\u00f3n Adiccional:<\/h3>\n<p>*Solo valores experimentales. La duraci\u00f3n depende de varios factores {lugar de la inyecci\u00f3n, profundidad de la inyecci\u00f3n, equipo enzim\u00e1tico del paciente) y por lo tanto es individual.<\/p>\n<p>**Estabilizaci\u00f3n por entrecruzamiento con el BDDE. En HYAcorp la especificaci\u00f3n de BDDE es de &lt;0,001 mg\/ml.<\/p>","protected":false},"excerpt":{"rendered":"<p>Es un implante de piel absorbible con un alto nivel de pureza. Es un producto sanitario destinado a un solo uso y se produce a partir de un \u00e1cido hialur\u00f3nico de origen no animal. Es una excelente opci\u00f3n para el aumento natural de mejillas y labios.<\/p>","protected":false},"featured_media":195,"template":"","meta":[],"product_cat":[18],"product_tag":[19],"_links":{"self":[{"href":"https:\/\/www.hya-corp.net\/desarrollo\/en\/wp-json\/wp\/v2\/product\/313"}],"collection":[{"href":"https:\/\/www.hya-corp.net\/desarrollo\/en\/wp-json\/wp\/v2\/product"}],"about":[{"href":"https:\/\/www.hya-corp.net\/desarrollo\/en\/wp-json\/wp\/v2\/types\/product"}],"wp:featuredmedia":[{"embeddable":true,"href":"https:\/\/www.hya-corp.net\/desarrollo\/en\/wp-json\/wp\/v2\/media\/195"}],"wp:attachment":[{"href":"https:\/\/www.hya-corp.net\/desarrollo\/en\/wp-json\/wp\/v2\/media?parent=313"}],"wp:term":[{"taxonomy":"product_cat","embeddable":true,"href":"https:\/\/www.hya-corp.net\/desarrollo\/en\/wp-json\/wp\/v2\/product_cat?post=313"},{"taxonomy":"product_tag","embeddable":true,"href":"https:\/\/www.hya-corp.net\/desarrollo\/en\/wp-json\/wp\/v2\/product_tag?post=313"}],"curies":[{"name":"wp","href":"https:\/\/api.w.org\/{rel}","templated":true}]}}