{"id":312,"date":"2022-05-25T02:51:22","date_gmt":"2022-05-25T02:51:22","guid":{"rendered":"https:\/\/www.hya-corp.net\/desarrollo\/?post_type=product&#038;p=312"},"modified":"2022-05-28T04:49:16","modified_gmt":"2022-05-28T04:49:16","slug":"hyacorp-lips","status":"publish","type":"product","link":"https:\/\/www.hya-corp.net\/desarrollo\/en\/product\/hyacorp-lips\/","title":{"rendered":"HYAcorp LIPS"},"content":{"rendered":"<h3>Indicaciones:<\/h3>\n<p>Labios<\/p>\n<h3>Beneficios:<\/h3>\n<p>aumento de los labios restauracion del volumen y el contorno perdidos.<\/p>\n<h3>Contenido:<\/h3>\n<ul>\n<li>Concentraci\u00f3n por ml ah no reticulado: 2mg<\/li>\n<li>AH reticulado: 16mg<\/li>\n<li>Tama\u00f1o de la jeringa 1.0ml<\/li>\n<li>Incluida aguja 30g<\/li>\n<li>Duraci\u00f3n: hasta 12 meses<\/li>\n<li>estabilizaci\u00f3n: Si<\/li>\n<li>Profundidad de la inyeccion dermis media.<\/li>\n<\/ul>\n<h3>Informaci\u00f3n Adicional:<\/h3>\n<p>*Solo valores experimentales. La duraci\u00f3n depende de varios factores (lugar de la inyecci\u00f3n, profundidad de la inyecci\u00f3n, equipo enzim\u00e1tico del paciente) y por lo tanto es individual.<\/p>\n<p>**Estabilizaci\u00f3n por entrecruzamiento con el BODE. En HYAcorp la especificaci\u00f3n de BODEes de &lt;0,001 mg\/ml.<\/p>\n<p>&nbsp;<\/p>","protected":false},"excerpt":{"rendered":"<p>Indicaciones: Labios Beneficios: aumento de los labios restauracion del volumen y el contorno perdidos. Contenido: Concentraci\u00f3n por ml ah no reticulado: 2mg AH reticulado: 16mg Tama\u00f1o de la jeringa 1.0ml Incluida aguja 30g Duraci\u00f3n: hasta 12 meses estabilizaci\u00f3n: Si Profundidad de la inyeccion dermis media. Informaci\u00f3n Adicional: *Solo valores experimentales. La duraci\u00f3n depende de varios<br \/><a href=\"https:\/\/www.hya-corp.net\/desarrollo\/en\/product\/hyacorp-lips\/\" class=\"more\" data-no-translation=\"\" data-trp-gettext=\"\">Read more<\/a><\/p>","protected":false},"featured_media":197,"template":"","meta":[],"product_cat":[18],"product_tag":[19],"_links":{"self":[{"href":"https:\/\/www.hya-corp.net\/desarrollo\/en\/wp-json\/wp\/v2\/product\/312"}],"collection":[{"href":"https:\/\/www.hya-corp.net\/desarrollo\/en\/wp-json\/wp\/v2\/product"}],"about":[{"href":"https:\/\/www.hya-corp.net\/desarrollo\/en\/wp-json\/wp\/v2\/types\/product"}],"wp:featuredmedia":[{"embeddable":true,"href":"https:\/\/www.hya-corp.net\/desarrollo\/en\/wp-json\/wp\/v2\/media\/197"}],"wp:attachment":[{"href":"https:\/\/www.hya-corp.net\/desarrollo\/en\/wp-json\/wp\/v2\/media?parent=312"}],"wp:term":[{"taxonomy":"product_cat","embeddable":true,"href":"https:\/\/www.hya-corp.net\/desarrollo\/en\/wp-json\/wp\/v2\/product_cat?post=312"},{"taxonomy":"product_tag","embeddable":true,"href":"https:\/\/www.hya-corp.net\/desarrollo\/en\/wp-json\/wp\/v2\/product_tag?post=312"}],"curies":[{"name":"wp","href":"https:\/\/api.w.org\/{rel}","templated":true}]}}