{"id":247,"date":"2022-04-22T21:00:32","date_gmt":"2022-04-22T21:00:32","guid":{"rendered":"https:\/\/www.hya-corp.net\/desarrollo\/?page_id=247"},"modified":"2022-05-27T01:40:10","modified_gmt":"2022-05-27T01:40:10","slug":"prensa-y-eventos","status":"publish","type":"page","link":"https:\/\/www.hya-corp.net\/desarrollo\/en\/prensa-y-eventos\/","title":{"rendered":"Prensa y Eventos"},"content":{"rendered":"<div   class=\"vc_row wpb_row vc_row-fluid fondocurva-hyacorp vc_custom_1653523346706 vc_row-o-content-middle full-width-section  rd_has_overlay\">\n\t<div  class=\"vc_span6 wpb_column vc_column_container\" style=\"color:#ffffff;\"><div class=\"vc_column-inner vc_custom_1653518954558\">\n\t\t<div class=\"wpb_wrapper\">\n\t\t\t<h2 style=\"font-size: 36px;color: #ffffff;text-align: left\" class=\"vc_custom_heading titulo-italico\" >Webinar:<br \/>\nC\u00f3mo manejar complicaciones con Rellenos Corporales HA<\/h2>\n\t<div class=\"wpb_text_column wpb_content_element   ct_lcf2yqfr13m9in12cho4\" >\n\t\t<div class=\"wpb_wrapper\" >\n\t\t\t<p><i>23 de Febrero 2022<\/i><\/p>\n<p>2:00 p.m. (Hora de Venezuela)<\/p>\n\n\t\t<\/div> \n\t<\/div> <style type=\"text\/css\" >#b_wjam77rzanxtq2xd65rk a{color:#ffffff; background:; border-style:solid; border-color:#ffffff; margin-top:0px; margin-bottom:0px;  margin-left:0px; margin-right:0px; font-weight:900; border-radius:10px;}#b_wjam77rzanxtq2xd65rk a:hover{color: ; background: ; border-color:;}<\/style><div class=\"ta_left tf_btn_pos\" id=\"b_wjam77rzanxtq2xd65rk\" ><a class=\"rd_stroke_bt medium_rd_bt border_1px\" href=\"http:\/\/biosciencegmbh.com\/webinar\/?source=signature\" target=\"yes\"   >Reg\u00edstrate<\/a><\/div>\n\t\t<\/div> <\/div>\n\t<\/div> \n\n\t<div  class=\"vc_span6 wpb_column vc_column_container\"><div class=\"vc_column-inner\">\n\t\t<div class=\"wpb_wrapper\">\n\t\t\t\n\t\t<\/div> <\/div>\n\t<\/div> \n<div class=\"rd_row_overlay\" style=\"background:rgba(0,0,0,0.04);\"><\/div><\/div><div   class=\"vc_row wpb_row vc_row-fluid vc_custom_1653519260344 full-width-section\" style=\"color:#ffffff;\">\n\t<div  class=\"vc_span2 wpb_column vc_column_container\"><div class=\"vc_column-inner\">\n\t\t<div class=\"wpb_wrapper\">\n\t\t\t\n\t\t<\/div> <\/div>\n\t<\/div> \n\n\t<div  class=\"vc_span8 wpb_column vc_column_container\"><div class=\"vc_column-inner\">\n\t\t<div class=\"wpb_wrapper\">\n\t\t\t<h2 style=\"font-size: 36px;color: #ffffff;text-align: center\" class=\"vc_custom_heading titulo-italico\" >EVENTOS<\/h2>\n\t\t<\/div> <\/div>\n\t<\/div> \n\n\t<div  class=\"vc_span2 wpb_column vc_column_container\"><div class=\"vc_column-inner\">\n\t\t<div class=\"wpb_wrapper\">\n\t\t\t\n\t\t<\/div> <\/div>\n\t<\/div> \n<\/div><div   class=\"vc_row wpb_row vc_row-fluid vc_custom_1653519201304 vc_row-o-content-middle full-width-section  rd_has_overlay\">\n\t<div  class=\"vc_span6 wpb_column vc_column_container\" style=\"color:#ffffff;\"><div class=\"vc_column-inner vc_custom_1650572512112\">\n\t\t<div class=\"wpb_wrapper\">\n\t\t\t<h2 style=\"font-size: 28px;color: #ffffff;line-height: 1;text-align: left\" class=\"vc_custom_heading titulo-italico vc_custom_1653519156313\" >XV Congreso venezolana de Cirug\u00eda Pl\u00e1stica, Reconstructiva, Est\u00e9tica y Maxilofacial<\/h2>\n\t<div class=\"wpb_text_column wpb_content_element   ct_37adila076c7ltom3r6q\" >\n\t\t<div class=\"wpb_wrapper\" >\n\t\t\t<p>Realizado el 2, 3 y 4 de septiembre del 2021, en el hotel Eurobuilding Caracas, Venezuela.<\/p>\n\n\t\t<\/div> \n\t<\/div> \n\t\t<\/div> <\/div>\n\t<\/div> \n\n\t<div  class=\"vc_span6 wpb_column vc_column_container\"><div class=\"vc_column-inner vc_custom_1650572523168\">\n\t\t<div class=\"wpb_wrapper\">\n\t\t\t\n\t<div class=\"wpb_video_widget wpb_content_element vc_clearfix   vc_video-aspect-ratio-169 vc_video-el-width-100 vc_video-align-left\" >\n\t\t<div class=\"wpb_wrapper\">\n\t\t\t\n\t\t\t<div class=\"wpb_video_wrapper\"><iframe title=\"hyacorp 37seg con musica.mp4\" src=\"https:\/\/player.vimeo.com\/video\/642754609?h=4e028de322&amp;dnt=1&amp;app_id=122963\" width=\"1170\" height=\"663\" frameborder=\"0\" allow=\"autoplay; fullscreen; picture-in-picture\" allowfullscreen><\/iframe><\/div>\n\t\t<\/div>\n\t<\/div>\n\n\t\t<\/div> <\/div>\n\t<\/div> \n<div class=\"rd_row_overlay\" style=\"background:rgba(0,0,0,0.82);\"><\/div><\/div><div   class=\"vc_row wpb_row vc_row-fluid vc_custom_1650058919748 full-width-section  rd_has_overlay\">\n\t<div  class=\"vc_span12 wpb_column vc_column_container\"><div class=\"vc_column-inner\">\n\t\t<div class=\"wpb_wrapper\">\n\t\t\t<script>jQuery.noConflict(); var $ = jQuery; <\/script><div id=\"randomfo8uxhr2i1hlpqr650oh_port\" class=\"portfolio\"><style type=\"text\/css\" >#randomfo8uxhr2i1hlpqr650oh_port .filter_type_1 #options .selected a,#randomfo8uxhr2i1hlpqr650oh_port .filter_type_1 #options a:hover{background:#5b5b5b; border:1px solid #5b5b5b; color:#fff;}#randomfo8uxhr2i1hlpqr650oh_port .filter_type_1 #options a{border:1px solid #ecf0f1}#randomfo8uxhr2i1hlpqr650oh_port .filter_type_1 #options a{background:#ffffff}#randomfo8uxhr2i1hlpqr650oh_port .filter_type_1 #options a{color:#ffffff}<\/style><style type=\"text\/css\" >#randomfo8uxhr2i1hlpqr650oh_port .ico_link{background:!important;}<\/style><div class=\"portfolio_block image-grid columns4 port_type_3 rd_hover_bubba thumbnail_type_4\" id=\"list\"><div data-category=\"\" class=\"element\">\r\n\t\t<div class=\"filter_img\">\r\n\t\t<div class=\"port_thumb_ctn\">\r\n\t\t<div class=\"port_overlay\"><\/div>\r\n        <a _blank href=\"https:\/\/www.hya-corp.net\/desarrollo\/en\/evento\/taller-hyacorp-body-fillers\/\" target=\"_blank\" class=\"ico_link\"><img width=\"384\" height=\"768\" src=\"https:\/\/www.hya-corp.net\/desarrollo\/wp-content\/uploads\/2022\/05\/imagen-invitacion-taller-dr-wilder-perez--384x768.jpeg\" class=\"attachment-portfolio_portrait size-portfolio_portrait wp-post-image\" alt=\"\" loading=\"lazy\" \/>\r\n\t\t<\/a><figcaption><div>\r\n\t\t<h2>Taller HYACORP BODY FILLERS<\/h2>\r\n\t\t<p><\/p>\r\n\t\t<\/div>\r\n\t\t<a href=\"https:\/\/www.hya-corp.net\/desarrollo\/en\/evento\/taller-hyacorp-body-fillers\/\" target=\"_blank\">View more<\/a>\r\n\t\t<\/figcaption><a href=\"https:\/\/www.hya-corp.net\/desarrollo\/wp-content\/uploads\/2022\/05\/imagen-invitacion-taller-dr-wilder-perez-.jpeg\" class=\"prettyPhoto port_img_link\"><span class='img_link'><\/span><\/a><a href='https:\/\/www.hya-corp.net\/desarrollo\/en\/evento\/taller-hyacorp-body-fillers\/' target='_blank' class='port_post_link'><span class='post_link'><h2 class='fw_port_link'>Taller HYACORP BODY FILLERS<\/h2><h3 class='fw_port_tag'><\/h3><\/span><\/a><div class=\"portfolio_desc\">\r\n\t\t<h2><a href=\"https:\/\/www.hya-corp.net\/desarrollo\/en\/evento\/taller-hyacorp-body-fillers\/\" target=\"_blank\">Taller HYACORP BODY FILLERS<\/a><\/h2>\r\n\t\t<h3><\/h3>\r\n        <\/div>\r\n\t\t<\/div><!-- port_thumb_ctn END -->\r\n\t\t<\/div><!-- Filter img END --><div class=\"portfolio_sub_info\"><div class=\"isotope_portfolio_name\">Taller HYACORP BODY FILLERS<\/div><div class=\"isotope_portfolio_date\">2022-05-25<\/div><\/div><\/div><!-- element END --><div data-category=\"\" class=\"element\">\r\n\t\t<div class=\"filter_img\">\r\n\t\t<div class=\"port_thumb_ctn\">\r\n\t\t<div class=\"port_overlay\"><\/div>\r\n        <a _blank href=\"https:\/\/www.hya-corp.net\/desarrollo\/en\/evento\/dra-gladys-chow-presidenta-de-svcprem-2021-2023\/\" target=\"_blank\" class=\"ico_link\"><img width=\"384\" height=\"768\" src=\"https:\/\/www.hya-corp.net\/desarrollo\/wp-content\/uploads\/2022\/05\/dra-gladys-chow-384x768.jpg\" class=\"attachment-portfolio_portrait size-portfolio_portrait wp-post-image\" alt=\"Dra. Gladys Chow Presidenta de SVCPREM 2021-2023\" loading=\"lazy\" \/>\r\n\t\t<\/a><figcaption><div>\r\n\t\t<h2>Dra. Gladys Chow\u00a0 Presidenta de SVCPREM 2021-2023<\/h2>\r\n\t\t<p><\/p>\r\n\t\t<\/div>\r\n\t\t<a href=\"https:\/\/www.hya-corp.net\/desarrollo\/en\/evento\/dra-gladys-chow-presidenta-de-svcprem-2021-2023\/\" target=\"_blank\">View more<\/a>\r\n\t\t<\/figcaption><a href=\"https:\/\/www.hya-corp.net\/desarrollo\/wp-content\/uploads\/2022\/05\/dra-gladys-chow.jpg\" class=\"prettyPhoto port_img_link\"><span class='img_link'><\/span><\/a><a href='https:\/\/www.hya-corp.net\/desarrollo\/en\/evento\/dra-gladys-chow-presidenta-de-svcprem-2021-2023\/' target='_blank' class='port_post_link'><span class='post_link'><h2 class='fw_port_link'>Dra. Gladys Chow\u00a0 Presidenta de SVCPREM 2021-2023<\/h2><h3 class='fw_port_tag'><\/h3><\/span><\/a><div class=\"portfolio_desc\">\r\n\t\t<h2><a href=\"https:\/\/www.hya-corp.net\/desarrollo\/en\/evento\/dra-gladys-chow-presidenta-de-svcprem-2021-2023\/\" target=\"_blank\">Dra. Gladys Chow\u00a0 Presidenta de SVCPREM 2021-2023<\/a><\/h2>\r\n\t\t<h3><\/h3>\r\n        <\/div>\r\n\t\t<\/div><!-- port_thumb_ctn END -->\r\n\t\t<\/div><!-- Filter img END --><div class=\"portfolio_sub_info\"><div class=\"isotope_portfolio_name\">Dra. Gladys Chow\u00a0 Presidenta de SVCPREM 2021-2023<\/div><div class=\"isotope_portfolio_date\">2022-05-24<\/div><\/div><\/div><!-- element END --><div data-category=\"\" class=\"element\">\r\n\t\t<div class=\"filter_img\">\r\n\t\t<div class=\"port_thumb_ctn\">\r\n\t\t<div class=\"port_overlay\"><\/div>\r\n        <a _blank href=\"https:\/\/www.hya-corp.net\/desarrollo\/en\/evento\/dr-edgar-martinez-presidente-svcprem-periodo-2018-2020\/\" target=\"_blank\" class=\"ico_link\"><img width=\"384\" height=\"768\" src=\"https:\/\/www.hya-corp.net\/desarrollo\/wp-content\/uploads\/2022\/05\/dr-edgar-Martines--384x768.jpg\" class=\"attachment-portfolio_portrait size-portfolio_portrait wp-post-image\" alt=\"\" loading=\"lazy\" \/>\r\n\t\t<\/a><figcaption><div>\r\n\t\t<h2>Dr. Edgar Martinez Presidente SVCPREM periodo 2018-2020<\/h2>\r\n\t\t<p><\/p>\r\n\t\t<\/div>\r\n\t\t<a href=\"https:\/\/www.hya-corp.net\/desarrollo\/en\/evento\/dr-edgar-martinez-presidente-svcprem-periodo-2018-2020\/\" target=\"_blank\">View more<\/a>\r\n\t\t<\/figcaption><a href=\"https:\/\/www.hya-corp.net\/desarrollo\/wp-content\/uploads\/2022\/05\/dr-edgar-Martines-.jpg\" class=\"prettyPhoto port_img_link\"><span class='img_link'><\/span><\/a><a href='https:\/\/www.hya-corp.net\/desarrollo\/en\/evento\/dr-edgar-martinez-presidente-svcprem-periodo-2018-2020\/' target='_blank' class='port_post_link'><span class='post_link'><h2 class='fw_port_link'>Dr. Edgar Martinez Presidente SVCPREM periodo 2018-2020<\/h2><h3 class='fw_port_tag'><\/h3><\/span><\/a><div class=\"portfolio_desc\">\r\n\t\t<h2><a href=\"https:\/\/www.hya-corp.net\/desarrollo\/en\/evento\/dr-edgar-martinez-presidente-svcprem-periodo-2018-2020\/\" target=\"_blank\">Dr. Edgar Martinez Presidente SVCPREM periodo 2018-2020<\/a><\/h2>\r\n\t\t<h3><\/h3>\r\n        <\/div>\r\n\t\t<\/div><!-- port_thumb_ctn END -->\r\n\t\t<\/div><!-- Filter img END --><div class=\"portfolio_sub_info\"><div class=\"isotope_portfolio_name\">Dr. Edgar Martinez Presidente SVCPREM periodo 2018-2020<\/div><div class=\"isotope_portfolio_date\">2022-05-23<\/div><\/div><\/div><!-- element END --><div data-category=\"\" class=\"element\">\r\n\t\t<div class=\"filter_img\">\r\n\t\t<div class=\"port_thumb_ctn\">\r\n\t\t<div class=\"port_overlay\"><\/div>\r\n        <a _blank href=\"https:\/\/www.hya-corp.net\/desarrollo\/en\/evento\/grupo-de-participantes-e-invitados-en-el-xxv-congreso-venezolano-de-cirugia-plastica-reconstructiva-estetica-y-maxilofacial\/\" target=\"_blank\" class=\"ico_link\"><img width=\"384\" height=\"768\" src=\"https:\/\/www.hya-corp.net\/desarrollo\/wp-content\/uploads\/2022\/05\/foto-grupal-congreso....-384x768.jpg\" class=\"attachment-portfolio_portrait size-portfolio_portrait wp-post-image\" alt=\"\" loading=\"lazy\" \/>\r\n\t\t<\/a><figcaption><div>\r\n\t\t<h2>Grupo de participantes e invitados en el XXV Congreso Venezolano de Cirug\u00eda Pl\u00e1stica Reconstructiva, Est\u00e9tica y Maxilofacial.<\/h2>\r\n\t\t<p><\/p>\r\n\t\t<\/div>\r\n\t\t<a href=\"https:\/\/www.hya-corp.net\/desarrollo\/en\/evento\/grupo-de-participantes-e-invitados-en-el-xxv-congreso-venezolano-de-cirugia-plastica-reconstructiva-estetica-y-maxilofacial\/\" target=\"_blank\">View more<\/a>\r\n\t\t<\/figcaption><a href=\"https:\/\/www.hya-corp.net\/desarrollo\/wp-content\/uploads\/2022\/05\/foto-grupal-congreso.....jpg\" class=\"prettyPhoto port_img_link\"><span class='img_link'><\/span><\/a><a href='https:\/\/www.hya-corp.net\/desarrollo\/en\/evento\/grupo-de-participantes-e-invitados-en-el-xxv-congreso-venezolano-de-cirugia-plastica-reconstructiva-estetica-y-maxilofacial\/' target='_blank' class='port_post_link'><span class='post_link'><h2 class='fw_port_link'>Grupo de participantes e invitados en el XXV Congreso Venezolano de Cirug\u00eda Pl\u00e1stica Reconstructiva, Est\u00e9tica y Maxilofacial.<\/h2><h3 class='fw_port_tag'><\/h3><\/span><\/a><div class=\"portfolio_desc\">\r\n\t\t<h2><a href=\"https:\/\/www.hya-corp.net\/desarrollo\/en\/evento\/grupo-de-participantes-e-invitados-en-el-xxv-congreso-venezolano-de-cirugia-plastica-reconstructiva-estetica-y-maxilofacial\/\" target=\"_blank\">Grupo de participantes e invitados en el XXV Congreso Venezolano de Cirug\u00eda Pl\u00e1stica Reconstructiva, Est\u00e9tica y Maxilofacial.<\/a><\/h2>\r\n\t\t<h3><\/h3>\r\n        <\/div>\r\n\t\t<\/div><!-- port_thumb_ctn END -->\r\n\t\t<\/div><!-- Filter img END --><div class=\"portfolio_sub_info\"><div class=\"isotope_portfolio_name\">Grupo de participantes e invitados en el XXV Congreso Venezolano de Cirug\u00eda Pl\u00e1stica Reconstructiva, Est\u00e9tica y Maxilofacial.<\/div><div class=\"isotope_portfolio_date\">2022-05-22<\/div><\/div><\/div><!-- element END -->\r\n\r\n                <\/div><!-- .portfolio_block -->\r\n\r\n                <div class=\"rd_clear\"><!-- ClearFix --><\/div><\/div>  <script>\r\n\r\n\r\n\r\njQuery.noConflict();\r\njQuery(document).ready(function($){\r\n\"use strict\";\r\n            \r\n $(window).load(function(){\r\n\r\n\t$(\"#randomfo8uxhr2i1hlpqr650oh_port .optionset li a\").each(function() {\r\n\r\n\t\t\t\t\t\t\t\tvar filter_class = $(this).attr('data-option-value');\r\n\t\t\t\t\t\t\t\t if ($('#randomfo8uxhr2i1hlpqr650oh_port').find(filter_class).length){ \/\/ implies *not* zero\r\n\t\t\t\t\t\t\t\t$(this).parent('li').show();\r\n\t\t\t\t\t\t\t\t }else{\r\n\t\t\t\t\t\t\t\t$(this).parent('li').hide();\r\n\t\t\t\t\t\t\t\t }\r\n\r\n\r\n\t\t\t\t\t\t\t\t});\r\n\r\n                            $('#portfolio-tags').css('opacity','1');\r\nfunction watchport() {\r\n\r\n$(\"#randomfo8uxhr2i1hlpqr650oh_port .portfolio_block\").isotope('layout');\r\n\t\t\t\r\n}\r\n\r\nsetInterval(watchport, 100);\r\n\r\n\r\n\r\n                });\r\n\r\n                });\r\n            <\/script>\r\n  \n\t\t<\/div> <\/div>\n\t<\/div> \n<div class=\"rd_row_overlay\" style=\"background:rgba(0,0,0,0.75);\"><\/div><\/div><div   class=\"vc_row wpb_row vc_row-fluid vc_custom_1653519260344 full-width-section\" style=\"color:#ffffff;\">\n\t<div  class=\"vc_span2 wpb_column vc_column_container\"><div class=\"vc_column-inner\">\n\t\t<div class=\"wpb_wrapper\">\n\t\t\t\n\t\t<\/div> <\/div>\n\t<\/div> \n\n\t<div  class=\"vc_span8 wpb_column vc_column_container\"><div class=\"vc_column-inner\">\n\t\t<div class=\"wpb_wrapper\">\n\t\t\t<h2 style=\"font-size: 36px;color: #ffffff;text-align: center\" class=\"vc_custom_heading titulo-italico\" >PRENSA<\/h2>\n\t\t<\/div> <\/div>\n\t<\/div> \n\n\t<div  class=\"vc_span2 wpb_column vc_column_container\"><div class=\"vc_column-inner\">\n\t\t<div class=\"wpb_wrapper\">\n\t\t\t\n\t\t<\/div> <\/div>\n\t<\/div> \n<\/div><div   class=\"vc_row wpb_row vc_row-fluid vc_custom_1653519201304 vc_row-o-content-middle full-width-section  rd_has_overlay\">\n\t<div  class=\"vc_span6 wpb_column vc_column_container\" style=\"color:#ffffff;\"><div class=\"vc_column-inner vc_custom_1650572512112\">\n\t\t<div class=\"wpb_wrapper\">\n\t\t\t<h2 style=\"font-size: 28px;color: #ffffff;line-height: 1;text-align: left\" class=\"vc_custom_heading titulo-italico vc_custom_1653520970926\" >Articulo cient\u00edfico sobre el aumento de gl\u00fateos en la tercera edici\u00f3n de ISAPS News<\/h2>\n\t<div class=\"wpb_text_column wpb_content_element   ct_sez43uwkv2wzsy4y1auf\" >\n\t\t<div class=\"wpb_wrapper\" >\n\t\t\t<p><strong>@isapsplasticsurgeons (Pg 29)<\/strong><\/p>\n<p>Publicado con la colaboraci\u00f3n de Dr. Willder Perez Soto Cirujano Pl\u00e1stico, @perezsotowilder, el art\u00edculo cient\u00edfico presenta los paralelismos entre el injerto de grasa aut\u00f3logo y el aumento no quir\u00fargico con rellenos corporales de HA, fomentando la discusi\u00f3n sobre el potencial del \u00e1cido hialur\u00f3nico en la est\u00e9tica.<\/p>\n\n\t\t<\/div> \n\t<\/div> <style type=\"text\/css\" >#b_x9rjdablm3wfqhjoi6fd a{color:#ffffff; background:; border-style:solid; border-color:#ffffff; margin-top:0px; margin-bottom:0px;  margin-left:0px; margin-right:0px; font-weight:900; border-radius:10px;}#b_x9rjdablm3wfqhjoi6fd a:hover{color: ; background: ; border-color:;}<\/style><div class=\"ta_left tf_btn_pos\" id=\"b_x9rjdablm3wfqhjoi6fd\" ><a class=\"rd_stroke_bt medium_rd_bt border_1px\" href=\"https:\/\/www.isaps.org\/wp-content\/uploads\/2021\/09\/ISAPS-News-15.3-2-1.pdf#page=29\" target=\"yes\"   >Descubre m\u00e1s<\/a><\/div>\n\t\t<\/div> <\/div>\n\t<\/div> \n\n\t<div  class=\"vc_span6 wpb_column vc_column_container\"><div class=\"vc_column-inner vc_custom_1650572523168\">\n\t\t<div class=\"wpb_wrapper\">\n\t\t\t\r\n\t<div  class=\"wpb_single_image wpb_content_element vc_align_left\">\r\n\t\t<div class=\"wpb_wrapper\">\r\n\t\t\t\r\n\t\t\t<div class=\"vc_single_image-wrapper   vc_box_border_grey\"><img width=\"640\" height=\"640\" src=\"https:\/\/www.hya-corp.net\/desarrollo\/wp-content\/uploads\/2022\/05\/Buttocks-augmentation.jpg\" class=\"vc_single_image-img attachment-full\" alt=\"\" loading=\"lazy\" title=\"Buttocks augmentation\" srcset=\"https:\/\/www.hya-corp.net\/desarrollo\/wp-content\/uploads\/2022\/05\/Buttocks-augmentation.jpg 640w, https:\/\/www.hya-corp.net\/desarrollo\/wp-content\/uploads\/2022\/05\/Buttocks-augmentation-300x300.jpg 300w, https:\/\/www.hya-corp.net\/desarrollo\/wp-content\/uploads\/2022\/05\/Buttocks-augmentation-150x150.jpg 150w, https:\/\/www.hya-corp.net\/desarrollo\/wp-content\/uploads\/2022\/05\/Buttocks-augmentation-768x768.jpg 768w, https:\/\/www.hya-corp.net\/desarrollo\/wp-content\/uploads\/2022\/05\/Buttocks-augmentation-570x570.jpg 570w, https:\/\/www.hya-corp.net\/desarrollo\/wp-content\/uploads\/2022\/05\/Buttocks-augmentation-600x600.jpg 600w, https:\/\/www.hya-corp.net\/desarrollo\/wp-content\/uploads\/2022\/05\/Buttocks-augmentation-100x100.jpg 100w\" sizes=\"(max-width: 640px) 100vw, 640px\" \/><\/div>\r\n\t\t<\/div>\r\n\t<\/div>\r\n\n\t\t<\/div> <\/div>\n\t<\/div> \n<div class=\"rd_row_overlay\" style=\"background:rgba(0,0,0,0.82);\"><\/div><\/div><div   class=\"vc_row wpb_row vc_row-fluid vc_custom_1653615468385 vc_row-o-content-middle full-width-section  rd_has_overlay\" style=\"color:#ffffff;\">\n\t<div  class=\"vc_span6 wpb_column vc_column_container\" style=\"color:#ffffff;\"><div class=\"vc_column-inner vc_custom_1650572512112\">\n\t\t<div class=\"wpb_wrapper\">\n\t\t\t\n\t<div class=\"wpb_video_widget wpb_content_element vc_clearfix   vc_video-aspect-ratio-169 vc_video-el-width-100 vc_video-align-left\" >\n\t\t<div class=\"wpb_wrapper\">\n\t\t\t\n\t\t\t<div class=\"wpb_video_wrapper\"><iframe title=\"The whole of last month was an important and much-needed milestone for the aesthetic community It was not only an opportunity to\" src=\"https:\/\/player.vimeo.com\/video\/642824889?h=c328cfa407&amp;dnt=1&amp;app_id=122963\" width=\"640\" height=\"360\" frameborder=\"0\" allow=\"autoplay; fullscreen; picture-in-picture\" allowfullscreen><\/iframe><\/div>\n\t\t<\/div>\n\t<\/div>\n\n\t\t<\/div> <\/div>\n\t<\/div> \n\n\t<div  class=\"vc_span6 wpb_column vc_column_container\" style=\"color:#ffffff;\"><div class=\"vc_column-inner vc_custom_1653615459069\">\n\t\t<div class=\"wpb_wrapper\">\n\t\t\t<h2 style=\"font-size: 28px;color: #ffffff;line-height: 1;text-align: left\" class=\"vc_custom_heading titulo-italico vc_custom_1653522454759\" >Participaci\u00f3n de Laboratorio Bio Science con su Symposium The 360\u00b0 Beautification en la 19 edici\u00f3n AMWC<\/h2>\n\t<div class=\"wpb_text_column wpb_content_element   ct_0yrpw955p4x8z8qzzned\" >\n\t\t<div class=\"wpb_wrapper\" >\n\t\t\t<p>Conferencia l\u00edder a nivel mundial sobre est\u00e9tica y medicina antienvejecimiento.<br \/>\nRealizado el 16, 17 y 18 de Septiembre en Monte Carlo, M\u00f3naco.<br \/>\nPresentado por expertos reconocidos a nivel mundial @drmattstefanelli @drducu @crabaisurgery @drfabiofantozzi @plastic_surgeon_greece @dr_maxbrambilla<\/p>\n\n\t\t<\/div> \n\t<\/div> <style type=\"text\/css\" >#b_0bvdtqq2kc876hool2hb a{color:#ffffff; background:; border-style:solid; border-color:#ffffff; margin-top:0px; margin-bottom:0px;  margin-left:0px; margin-right:0px; font-weight:900; border-radius:10px;}#b_0bvdtqq2kc876hool2hb a:hover{color: ; background: ; border-color:;}<\/style><div class=\"ta_left tf_btn_pos\" id=\"b_0bvdtqq2kc876hool2hb\" ><a class=\"rd_stroke_bt medium_rd_bt border_1px\" href=\"https:\/\/www.instagram.com\/p\/CUm2SfMregI\/?utm_medium=copy_link\" target=\"yes\"   >Descubre m\u00e1s<\/a><\/div>\n\t\t<\/div> <\/div>\n\t<\/div> \n<div class=\"rd_row_overlay\" style=\"background:rgba(0,0,0,0.82);\"><\/div><\/div>","protected":false},"excerpt":{"rendered":"","protected":false},"author":1,"featured_media":0,"parent":0,"menu_order":0,"comment_status":"closed","ping_status":"closed","template":"","meta":[],"_links":{"self":[{"href":"https:\/\/www.hya-corp.net\/desarrollo\/en\/wp-json\/wp\/v2\/pages\/247"}],"collection":[{"href":"https:\/\/www.hya-corp.net\/desarrollo\/en\/wp-json\/wp\/v2\/pages"}],"about":[{"href":"https:\/\/www.hya-corp.net\/desarrollo\/en\/wp-json\/wp\/v2\/types\/page"}],"author":[{"embeddable":true,"href":"https:\/\/www.hya-corp.net\/desarrollo\/en\/wp-json\/wp\/v2\/users\/1"}],"replies":[{"embeddable":true,"href":"https:\/\/www.hya-corp.net\/desarrollo\/en\/wp-json\/wp\/v2\/comments?post=247"}],"version-history":[{"count":27,"href":"https:\/\/www.hya-corp.net\/desarrollo\/en\/wp-json\/wp\/v2\/pages\/247\/revisions"}],"predecessor-version":[{"id":369,"href":"https:\/\/www.hya-corp.net\/desarrollo\/en\/wp-json\/wp\/v2\/pages\/247\/revisions\/369"}],"wp:attachment":[{"href":"https:\/\/www.hya-corp.net\/desarrollo\/en\/wp-json\/wp\/v2\/media?parent=247"}],"curies":[{"name":"wp","href":"https:\/\/api.w.org\/{rel}","templated":true}]}}